{"id":8,"date":"2018-01-08T17:37:42","date_gmt":"2018-01-08T16:37:42","guid":{"rendered":"http:\/\/draft.lyocontract.de\/?page_id=8"},"modified":"2025-01-13T09:27:25","modified_gmt":"2025-01-13T08:27:25","slug":"about-us","status":"publish","type":"page","link":"https:\/\/lyocontract.de\/en\/about-us\/","title":{"rendered":"About Us"},"content":{"rendered":"\t\t<div data-elementor-type=\"wp-post\" data-elementor-id=\"8\" class=\"elementor elementor-8\" data-elementor-post-type=\"page\">\n\t\t\t\t\t\t<section class=\"elementor-section elementor-top-section elementor-element elementor-element-7fb3df63 elementor-section-stretched elementor-section-boxed elementor-section-height-default elementor-section-height-default\" data-id=\"7fb3df63\" data-element_type=\"section\" data-e-type=\"section\" data-settings=\"{&quot;stretch_section&quot;:&quot;section-stretched&quot;,&quot;background_background&quot;:&quot;classic&quot;}\">\n\t\t\t\t\t\t<div class=\"elementor-container elementor-column-gap-wider\">\n\t\t\t\t\t<div class=\"elementor-column elementor-col-50 elementor-top-column elementor-element elementor-element-8fa0253\" data-id=\"8fa0253\" data-element_type=\"column\" data-e-type=\"column\" data-settings=\"{&quot;background_background&quot;:&quot;classic&quot;}\">\n\t\t\t<div class=\"elementor-widget-wrap elementor-element-populated\">\n\t\t\t\t\t\t<div class=\"elementor-element elementor-element-3251310e elementor-widget elementor-widget-heading\" data-id=\"3251310e\" data-element_type=\"widget\" data-e-type=\"widget\" data-widget_type=\"heading.default\">\n\t\t\t\t<div class=\"elementor-widget-container\">\n\t\t\t\t\t<h2 class=\"elementor-heading-title elementor-size-default\">Company<\/h2>\t\t\t\t<\/div>\n\t\t\t\t<\/div>\n\t\t\t\t<div class=\"elementor-element elementor-element-3df90516 elementor-widget-divider--view-line elementor-widget elementor-widget-divider\" data-id=\"3df90516\" data-element_type=\"widget\" data-e-type=\"widget\" data-widget_type=\"divider.default\">\n\t\t\t\t<div class=\"elementor-widget-container\">\n\t\t\t\t\t\t\t<div class=\"elementor-divider\">\n\t\t\t<span class=\"elementor-divider-separator\">\n\t\t\t\t\t\t<\/span>\n\t\t<\/div>\n\t\t\t\t\t\t<\/div>\n\t\t\t\t<\/div>\n\t\t\t\t<div class=\"elementor-element elementor-element-132f9f8a elementor-widget elementor-widget-text-editor\" data-id=\"132f9f8a\" data-element_type=\"widget\" data-e-type=\"widget\" data-widget_type=\"text-editor.default\">\n\t\t\t\t<div class=\"elementor-widget-container\">\n\t\t\t\t\t\t\t\t\t<p>Many years of practical experience in sterile filling and freeze-drying have made LYOCONTRACT GmbH an experienced and reliable partner to the pharmaceutical industry.<\/p>\t\t\t\t\t\t\t\t<\/div>\n\t\t\t\t<\/div>\n\t\t\t\t<div class=\"elementor-element elementor-element-c5d9b8e elementor-widget elementor-widget-text-editor\" data-id=\"c5d9b8e\" data-element_type=\"widget\" data-e-type=\"widget\" data-widget_type=\"text-editor.default\">\n\t\t\t\t<div class=\"elementor-widget-container\">\n\t\t\t\t\t\t\t\t\t<p>Your way to us:<\/p>\t\t\t\t\t\t\t\t<\/div>\n\t\t\t\t<\/div>\n\t\t\t\t<div class=\"elementor-element elementor-element-fb1c0e2 elementor-align-right elementor-mobile-align-left elementor-widget elementor-widget-button\" data-id=\"fb1c0e2\" data-element_type=\"widget\" data-e-type=\"widget\" data-widget_type=\"button.default\">\n\t\t\t\t<div class=\"elementor-widget-container\">\n\t\t\t\t\t\t\t\t\t<div class=\"elementor-button-wrapper\">\n\t\t\t\t\t<a class=\"elementor-button elementor-button-link elementor-size-sm\" href=\"https:\/\/www.google.com\/maps\/place\/LYOCONTRACT+GmbH\/@51.876493,10.691638,15z\/data=!4m6!3m5!1s0x47a56d3499e18227:0xaea48c2c6b00ecd5!8m2!3d51.876493!4d10.6916378!16s%2Fg%2F1ptymql3s?hl=en-US&#038;entry=ttu&#038;g_ep=EgoyMDI1MDEwOC4wIKXMDSoASAFQAw%3D%3D\" target=\"_blank\">\n\t\t\t\t\t\t<span class=\"elementor-button-content-wrapper\">\n\t\t\t\t\t\t<span class=\"elementor-button-icon\">\n\t\t\t\t<i aria-hidden=\"true\" class=\"fas fa-directions\"><\/i>\t\t\t<\/span>\n\t\t\t\t\t\t\t\t\t<span class=\"elementor-button-text\">Google Map<\/span>\n\t\t\t\t\t<\/span>\n\t\t\t\t\t<\/a>\n\t\t\t\t<\/div>\n\t\t\t\t\t\t\t\t<\/div>\n\t\t\t\t<\/div>\n\t\t\t\t\t<\/div>\n\t\t<\/div>\n\t\t\t\t<div class=\"elementor-column elementor-col-50 elementor-top-column elementor-element elementor-element-2cda040\" data-id=\"2cda040\" data-element_type=\"column\" data-e-type=\"column\">\n\t\t\t<div class=\"elementor-widget-wrap elementor-element-populated\">\n\t\t\t\t\t\t<div class=\"elementor-element elementor-element-40c49607 elementor-widget elementor-widget-text-editor\" data-id=\"40c49607\" data-element_type=\"widget\" data-e-type=\"widget\" data-widget_type=\"text-editor.default\">\n\t\t\t\t<div class=\"elementor-widget-container\">\n\t\t\t\t\t\t\t\t\t<p>In 2007 Dr. Milan \u010c. Pe\u0161i\u0107 and Ruth Barg founded the Fermentation-Biotec GmbH as a subsidiary of the investment company PB Verwaltung und Verm\u00f6gens GmbH &amp; Co.KG, later renamed to LYOCONTRACT GmbH.<\/p><p>LYOCONTRACT is a state-of-the-art pharmaceutical manufacturing site with the capabilities of producing liquid and freeze-dried parenteral drugs in vials.<\/p><p>The site received its manufacturing license in 2012 and has ever since earned the trust of numerous clients in Germany and abroad.<\/p>\t\t\t\t\t\t\t\t<\/div>\n\t\t\t\t<\/div>\n\t\t\t\t<div class=\"elementor-element elementor-element-2a111096 elementor-widget elementor-widget-text-editor\" data-id=\"2a111096\" data-element_type=\"widget\" data-e-type=\"widget\" data-widget_type=\"text-editor.default\">\n\t\t\t\t<div class=\"elementor-widget-container\">\n\t\t\t\t\t\t\t\t\t<p>In August 2017 Lyomark Pharma GmbH became the majority shareholder of LYOCONTRACT GmbH. Both companies are privately held and will continue to be managed independently.<\/p>\t\t\t\t\t\t\t\t<\/div>\n\t\t\t\t<\/div>\n\t\t\t\t\t<\/div>\n\t\t<\/div>\n\t\t\t\t\t<\/div>\n\t\t<\/section>\n\t\t\t\t<section class=\"elementor-section elementor-top-section elementor-element elementor-element-38fedbf elementor-section-stretched elementor-section-boxed elementor-section-height-default elementor-section-height-default\" data-id=\"38fedbf\" data-element_type=\"section\" data-e-type=\"section\" data-settings=\"{&quot;stretch_section&quot;:&quot;section-stretched&quot;,&quot;background_background&quot;:&quot;classic&quot;}\">\n\t\t\t\t\t\t<div class=\"elementor-container elementor-column-gap-wider\">\n\t\t\t\t\t<div class=\"elementor-column elementor-col-50 elementor-top-column elementor-element elementor-element-3f10558\" data-id=\"3f10558\" data-element_type=\"column\" data-e-type=\"column\" data-settings=\"{&quot;background_background&quot;:&quot;classic&quot;}\">\n\t\t\t<div class=\"elementor-widget-wrap elementor-element-populated\">\n\t\t\t\t\t\t<div class=\"elementor-element elementor-element-d4a52f5 elementor-widget elementor-widget-heading\" data-id=\"d4a52f5\" data-element_type=\"widget\" data-e-type=\"widget\" data-widget_type=\"heading.default\">\n\t\t\t\t<div class=\"elementor-widget-container\">\n\t\t\t\t\t<h2 class=\"elementor-heading-title elementor-size-default\">Production Site<\/h2>\t\t\t\t<\/div>\n\t\t\t\t<\/div>\n\t\t\t\t<div class=\"elementor-element elementor-element-139ff5e elementor-widget-divider--view-line elementor-widget elementor-widget-divider\" data-id=\"139ff5e\" data-element_type=\"widget\" data-e-type=\"widget\" data-widget_type=\"divider.default\">\n\t\t\t\t<div class=\"elementor-widget-container\">\n\t\t\t\t\t\t\t<div class=\"elementor-divider\">\n\t\t\t<span class=\"elementor-divider-separator\">\n\t\t\t\t\t\t<\/span>\n\t\t<\/div>\n\t\t\t\t\t\t<\/div>\n\t\t\t\t<\/div>\n\t\t\t\t<div class=\"elementor-element elementor-element-8f7f972 elementor-widget elementor-widget-text-editor\" data-id=\"8f7f972\" data-element_type=\"widget\" data-e-type=\"widget\" data-widget_type=\"text-editor.default\">\n\t\t\t\t<div class=\"elementor-widget-container\">\n\t\t\t\t\t\t\t\t\t<p>The new production facility was built in 2010\/2011. It is equipped with the most modern technology from German manufacturers to produce products of the highest quality.<\/p>\t\t\t\t\t\t\t\t<\/div>\n\t\t\t\t<\/div>\n\t\t\t\t\t<\/div>\n\t\t<\/div>\n\t\t\t\t<div class=\"elementor-column elementor-col-50 elementor-top-column elementor-element elementor-element-56de2d3\" data-id=\"56de2d3\" data-element_type=\"column\" data-e-type=\"column\">\n\t\t\t<div class=\"elementor-widget-wrap elementor-element-populated\">\n\t\t\t\t\t\t<div class=\"elementor-element elementor-element-91296d8 elementor-widget elementor-widget-image\" data-id=\"91296d8\" data-element_type=\"widget\" data-e-type=\"widget\" data-widget_type=\"image.default\">\n\t\t\t\t<div class=\"elementor-widget-container\">\n\t\t\t\t\t\t\t\t\t\t\t\t\t\t\t<img fetchpriority=\"high\" decoding=\"async\" width=\"768\" height=\"347\" src=\"https:\/\/lyocontract.de\/site\/wp-content\/uploads\/lyocontract-1-768x347.jpg\" class=\"attachment-medium_large size-medium_large wp-image-2157\" alt=\"\" srcset=\"https:\/\/lyocontract.de\/site\/wp-content\/uploads\/lyocontract-1-768x347.jpg 768w, https:\/\/lyocontract.de\/site\/wp-content\/uploads\/lyocontract-1-300x136.jpg 300w, https:\/\/lyocontract.de\/site\/wp-content\/uploads\/lyocontract-1.jpg 920w\" sizes=\"(max-width: 768px) 100vw, 768px\" \/>\t\t\t\t\t\t\t\t\t\t\t\t\t\t\t<\/div>\n\t\t\t\t<\/div>\n\t\t\t\t\t<\/div>\n\t\t<\/div>\n\t\t\t\t\t<\/div>\n\t\t<\/section>\n\t\t\t\t<section class=\"elementor-section elementor-top-section elementor-element elementor-element-4a14ee5 elementor-section-stretched elementor-section-boxed elementor-section-height-default elementor-section-height-default\" data-id=\"4a14ee5\" data-element_type=\"section\" data-e-type=\"section\" data-settings=\"{&quot;stretch_section&quot;:&quot;section-stretched&quot;,&quot;background_background&quot;:&quot;classic&quot;}\">\n\t\t\t\t\t\t<div class=\"elementor-container elementor-column-gap-wider\">\n\t\t\t\t\t<div class=\"elementor-column elementor-col-50 elementor-top-column elementor-element elementor-element-aa8ecfe\" data-id=\"aa8ecfe\" data-element_type=\"column\" data-e-type=\"column\" data-settings=\"{&quot;background_background&quot;:&quot;classic&quot;}\">\n\t\t\t<div class=\"elementor-widget-wrap elementor-element-populated\">\n\t\t\t\t\t\t<div class=\"elementor-element elementor-element-8c78af1 elementor-widget elementor-widget-image\" data-id=\"8c78af1\" data-element_type=\"widget\" data-e-type=\"widget\" data-widget_type=\"image.default\">\n\t\t\t\t<div class=\"elementor-widget-container\">\n\t\t\t\t\t\t\t\t\t\t\t\t\t\t\t<img decoding=\"async\" width=\"150\" height=\"150\" src=\"https:\/\/lyocontract.de\/site\/wp-content\/uploads\/Logo_Code_of_Conduct-1-150x150.png\" class=\"attachment-thumbnail size-thumbnail wp-image-2150\" alt=\"\" srcset=\"https:\/\/lyocontract.de\/site\/wp-content\/uploads\/Logo_Code_of_Conduct-1-150x150.png 150w, https:\/\/lyocontract.de\/site\/wp-content\/uploads\/Logo_Code_of_Conduct-1-300x300.png 300w, https:\/\/lyocontract.de\/site\/wp-content\/uploads\/Logo_Code_of_Conduct-1-768x768.png 768w, https:\/\/lyocontract.de\/site\/wp-content\/uploads\/Logo_Code_of_Conduct-1.png 1000w\" sizes=\"(max-width: 150px) 100vw, 150px\" \/>\t\t\t\t\t\t\t\t\t\t\t\t\t\t\t<\/div>\n\t\t\t\t<\/div>\n\t\t\t\t\t<\/div>\n\t\t<\/div>\n\t\t\t\t<div class=\"elementor-column elementor-col-50 elementor-top-column elementor-element elementor-element-6ec51e5\" data-id=\"6ec51e5\" data-element_type=\"column\" data-e-type=\"column\">\n\t\t\t<div class=\"elementor-widget-wrap elementor-element-populated\">\n\t\t\t\t\t\t<div class=\"elementor-element elementor-element-4edd290 elementor-widget elementor-widget-heading\" data-id=\"4edd290\" data-element_type=\"widget\" data-e-type=\"widget\" data-widget_type=\"heading.default\">\n\t\t\t\t<div class=\"elementor-widget-container\">\n\t\t\t\t\t<h2 class=\"elementor-heading-title elementor-size-default\">Code of Conduct<\/h2>\t\t\t\t<\/div>\n\t\t\t\t<\/div>\n\t\t\t\t<div class=\"elementor-element elementor-element-e7486c2 elementor-widget-divider--view-line elementor-widget elementor-widget-divider\" data-id=\"e7486c2\" data-element_type=\"widget\" data-e-type=\"widget\" data-widget_type=\"divider.default\">\n\t\t\t\t<div class=\"elementor-widget-container\">\n\t\t\t\t\t\t\t<div class=\"elementor-divider\">\n\t\t\t<span class=\"elementor-divider-separator\">\n\t\t\t\t\t\t<\/span>\n\t\t<\/div>\n\t\t\t\t\t\t<\/div>\n\t\t\t\t<\/div>\n\t\t\t\t<div class=\"elementor-element elementor-element-01727d4 elementor-widget elementor-widget-text-editor\" data-id=\"01727d4\" data-element_type=\"widget\" data-e-type=\"widget\" data-widget_type=\"text-editor.default\">\n\t\t\t\t<div class=\"elementor-widget-container\">\n\t\t\t\t\t\t\t\t\t<p>Wir sch\u00e4tzen gemeinsame Werte und Grunds\u00e4tze und haben daf\u00fcr einen eigenen\u00a0<a href=\"https:\/\/lyocontract.de\/site\/wp-content\/uploads\/Code-of-Conduct-V02_27.05.2024.pdf\">Code of Conduct<\/a><\/p>\t\t\t\t\t\t\t\t<\/div>\n\t\t\t\t<\/div>\n\t\t\t\t\t<\/div>\n\t\t<\/div>\n\t\t\t\t\t<\/div>\n\t\t<\/section>\n\t\t\t\t<section class=\"elementor-section elementor-top-section elementor-element elementor-element-e44e6b1 elementor-section-stretched elementor-section-boxed elementor-section-height-default elementor-section-height-default\" data-id=\"e44e6b1\" data-element_type=\"section\" data-e-type=\"section\" data-settings=\"{&quot;stretch_section&quot;:&quot;section-stretched&quot;,&quot;background_background&quot;:&quot;classic&quot;}\">\n\t\t\t\t\t\t<div class=\"elementor-container elementor-column-gap-wider\">\n\t\t\t\t\t<div class=\"elementor-column elementor-col-50 elementor-top-column elementor-element elementor-element-72e9fbd\" data-id=\"72e9fbd\" data-element_type=\"column\" data-e-type=\"column\" data-settings=\"{&quot;background_background&quot;:&quot;classic&quot;}\">\n\t\t\t<div class=\"elementor-widget-wrap elementor-element-populated\">\n\t\t\t\t\t\t<div class=\"elementor-element elementor-element-20f4443 elementor-widget elementor-widget-heading\" data-id=\"20f4443\" data-element_type=\"widget\" data-e-type=\"widget\" data-widget_type=\"heading.default\">\n\t\t\t\t<div class=\"elementor-widget-container\">\n\t\t\t\t\t<h2 class=\"elementor-heading-title elementor-size-default\">Management<\/h2>\t\t\t\t<\/div>\n\t\t\t\t<\/div>\n\t\t\t\t<div class=\"elementor-element elementor-element-804d03f elementor-widget-divider--view-line elementor-widget elementor-widget-divider\" data-id=\"804d03f\" data-element_type=\"widget\" data-e-type=\"widget\" data-widget_type=\"divider.default\">\n\t\t\t\t<div class=\"elementor-widget-container\">\n\t\t\t\t\t\t\t<div class=\"elementor-divider\">\n\t\t\t<span class=\"elementor-divider-separator\">\n\t\t\t\t\t\t<\/span>\n\t\t<\/div>\n\t\t\t\t\t\t<\/div>\n\t\t\t\t<\/div>\n\t\t\t\t<div class=\"elementor-element elementor-element-43081fc elementor-widget elementor-widget-text-editor\" data-id=\"43081fc\" data-element_type=\"widget\" data-e-type=\"widget\" data-widget_type=\"text-editor.default\">\n\t\t\t\t<div class=\"elementor-widget-container\">\n\t\t\t\t\t\t\t\t\t<p>The company is lead by Dr. Tino Galgon.<\/p>\t\t\t\t\t\t\t\t<\/div>\n\t\t\t\t<\/div>\n\t\t\t\t\t<\/div>\n\t\t<\/div>\n\t\t\t\t<div class=\"elementor-column elementor-col-50 elementor-top-column elementor-element elementor-element-ecd13c2\" data-id=\"ecd13c2\" data-element_type=\"column\" data-e-type=\"column\">\n\t\t\t<div class=\"elementor-widget-wrap elementor-element-populated\">\n\t\t\t\t\t\t<div class=\"elementor-element elementor-element-cad5f42 elementor-position-left elementor-vertical-align-bottom elementor-widget elementor-widget-image-box\" data-id=\"cad5f42\" data-element_type=\"widget\" data-e-type=\"widget\" data-widget_type=\"image-box.default\">\n\t\t\t\t<div class=\"elementor-widget-container\">\n\t\t\t\t\t<div class=\"elementor-image-box-wrapper\"><figure class=\"elementor-image-box-img\"><img decoding=\"async\" width=\"771\" height=\"1235\" src=\"https:\/\/lyocontract.de\/site\/wp-content\/uploads\/galgon_foto_klein-1.jpg\" class=\"attachment-full size-full wp-image-2151\" alt=\"\" srcset=\"https:\/\/lyocontract.de\/site\/wp-content\/uploads\/galgon_foto_klein-1.jpg 771w, https:\/\/lyocontract.de\/site\/wp-content\/uploads\/galgon_foto_klein-1-187x300.jpg 187w, https:\/\/lyocontract.de\/site\/wp-content\/uploads\/galgon_foto_klein-1-639x1024.jpg 639w, https:\/\/lyocontract.de\/site\/wp-content\/uploads\/galgon_foto_klein-1-768x1230.jpg 768w\" sizes=\"(max-width: 771px) 100vw, 771px\" \/><\/figure><div class=\"elementor-image-box-content\"><h4 class=\"elementor-image-box-title\">Dr. Tino Galgon<\/h4><\/div><\/div>\t\t\t\t<\/div>\n\t\t\t\t<\/div>\n\t\t\t\t\t<\/div>\n\t\t<\/div>\n\t\t\t\t\t<\/div>\n\t\t<\/section>\n\t\t\t\t<\/div>\n\t\t","protected":false},"excerpt":{"rendered":"<p>Company Many years of practical experience in sterile filling and freeze-drying have made LYOCONTRACT GmbH an experienced and reliable partner to the pharmaceutical industry. Your way to us: Google Map In 2007 Dr. Milan \u010c. Pe\u0161i\u0107 and Ruth Barg founded the Fermentation-Biotec GmbH as a subsidiary of the investment company PB Verwaltung und Verm\u00f6gens GmbH &#8230; <a title=\"About Us\" class=\"read-more\" href=\"https:\/\/lyocontract.de\/en\/about-us\/\" aria-label=\"Read more about About Us\">Read more<\/a><\/p>\n","protected":false},"author":3,"featured_media":687,"parent":0,"menu_order":0,"comment_status":"closed","ping_status":"closed","template":"","meta":{"generate_page_header":"","footnotes":""},"class_list":["post-8","page","type-page","status-publish","has-post-thumbnail"],"_links":{"self":[{"href":"https:\/\/lyocontract.de\/en\/wp-json\/wp\/v2\/pages\/8","targetHints":{"allow":["GET"]}}],"collection":[{"href":"https:\/\/lyocontract.de\/en\/wp-json\/wp\/v2\/pages"}],"about":[{"href":"https:\/\/lyocontract.de\/en\/wp-json\/wp\/v2\/types\/page"}],"author":[{"embeddable":true,"href":"https:\/\/lyocontract.de\/en\/wp-json\/wp\/v2\/users\/3"}],"replies":[{"embeddable":true,"href":"https:\/\/lyocontract.de\/en\/wp-json\/wp\/v2\/comments?post=8"}],"version-history":[{"count":85,"href":"https:\/\/lyocontract.de\/en\/wp-json\/wp\/v2\/pages\/8\/revisions"}],"predecessor-version":[{"id":2160,"href":"https:\/\/lyocontract.de\/en\/wp-json\/wp\/v2\/pages\/8\/revisions\/2160"}],"wp:featuredmedia":[{"embeddable":true,"href":"https:\/\/lyocontract.de\/en\/wp-json\/wp\/v2\/media\/687"}],"wp:attachment":[{"href":"https:\/\/lyocontract.de\/en\/wp-json\/wp\/v2\/media?parent=8"}],"curies":[{"name":"wp","href":"https:\/\/api.w.org\/{rel}","templated":true}]}}